{"id":42,"date":"2025-10-06T22:41:19","date_gmt":"2025-10-06T22:41:19","guid":{"rendered":"https:\/\/castlewise.us\/?page_id=42"},"modified":"2025-10-12T04:14:32","modified_gmt":"2025-10-12T04:14:32","slug":"home","status":"publish","type":"page","link":"https:\/\/castlewise.us\/es\/","title":{"rendered":"Hogar"},"content":{"rendered":"<div class=\"wp-block-coblocks-hero alignfull coblocks-hero-970432787\"><div class=\"wp-block-coblocks-hero__inner has-background-video hero-center-center-align has-padding has-center-content\" style=\"min-height:500px\"><div class=\"coblocks-video-bg position-absolute overflow-hidden w-full h-full pin-t pin-r pin-b pin-l\"><video class=\"w-full h-full bg-center-center object-cover object-position\" playsinline autoplay muted loop src=\"https:\/\/castlewise.us\/wp-content\/uploads\/2025\/10\/vecteezy_high-end-restaurant-that-appears-to-be-deserted_43160246.mp4\"><\/video><\/div><div class=\"wp-block-coblocks-hero__content-wrapper\"><div class=\"wp-block-coblocks-hero__content\" style=\"max-width:1000px\">\n<h2 class=\"wp-block-heading has-text-align-center has-tertiary-color has-foreground-alt-background-color has-text-color has-background has-link-color has-large-font-size has-custom-weight wp-elements-a023b6b6746c1adbe86f47ad32d19c4a\" style=\"margin-top:0;margin-right:0;margin-bottom:0;margin-left:0;padding-top:1%;padding-right:1%;padding-bottom:1%;padding-left:1%;font-style:normal;font-weight:normal;writing-mode:horizontal-tb\">Sabidur\u00eda de la experiencia.<\/h2>\n\n\n\n<p><\/p>\n\n\n\n<h2 class=\"wp-block-heading has-text-align-center has-tertiary-color has-foreground-alt-background-color has-text-color has-background has-link-color has-large-font-size has-custom-weight has-custom-lineheight mb-0 pb-0 mt-0 pt-0 wp-elements-f84614ab4d5eff3ad01785b446f0f487\" style=\"margin-top:0;margin-right:0;margin-bottom:0;margin-left:0;padding-top:1%;padding-right:1%;padding-bottom:1%;padding-left:1%;font-style:normal;font-weight:bold;line-height:1;font-size:28px\"><strong>Construyendo Marcas M\u00e1s Fuertes.<\/strong><\/h2>\n\n\n\n<p><\/p>\n\n\n\n<div class=\"wp-block-buttons is-layout-flex wp-block-buttons-is-layout-flex\">\n\n<\/div>\n<\/div><\/div><\/div><\/div>\n\n\n\n<div class=\"wp-block-group has-global-padding is-layout-constrained wp-container-core-group-is-layout-be05f1b3 wp-block-group-is-layout-constrained\">\n<div style=\"height:50px\" aria-hidden=\"true\" class=\"wp-block-spacer\"><\/div>\n\n\n\n<p class=\"has-text-align-center has-medium-font-size\">En Castlewise Enterprise, creemos que el verdadero \u00e9xito reside en la combinaci\u00f3n de experiencia y acci\u00f3n reflexiva. Nuestra misi\u00f3n es brindar soluciones basadas en el conocimiento, la integridad y la sabidur\u00eda pr\u00e1ctica, brindando resultados confiables. Orientamos a nuestros clientes con claridad, precisi\u00f3n y un compromiso con la excelencia, ayud\u00e1ndolos a afrontar desaf\u00edos complejos con confianza. Aqu\u00ed, cada decisi\u00f3n se basa en el conocimiento, cada estrategia se basa en la experiencia y cada resultado se construye para perdurar.<\/p>\n<\/div>\n\n\n\n<p><\/p>","protected":false},"excerpt":{"rendered":"<p>At Castlewise Enterprise, we believe that true success comes from the combination of experience and thoughtful action. Our mission is to provide solutions rooted in insight, integrity, and practical wisdom \u2014 delivering results you can trust. We guide our clients with clarity, precision, and a commitment to excellence, helping them navigate complex challenges with confidence. [&hellip;]<\/p>\n","protected":false},"author":1,"featured_media":0,"parent":0,"menu_order":1,"comment_status":"closed","ping_status":"closed","template":"","meta":{"_coblocks_attr":"","_coblocks_dimensions":"{\"coblocks-hero-970432787\":{\"padding\":{}}}","_coblocks_responsive_height":"{\"coblocks-hero-970432787\":{\"height\":{\"height\":500}}}","_coblocks_accordion_ie_support":"","footnotes":""},"class_list":["post-42","page","type-page","status-publish","hentry"],"aioseo_notices":[],"featured_image_src":null,"_links":{"self":[{"href":"https:\/\/castlewise.us\/es\/wp-json\/wp\/v2\/pages\/42","targetHints":{"allow":["GET"]}}],"collection":[{"href":"https:\/\/castlewise.us\/es\/wp-json\/wp\/v2\/pages"}],"about":[{"href":"https:\/\/castlewise.us\/es\/wp-json\/wp\/v2\/types\/page"}],"author":[{"embeddable":true,"href":"https:\/\/castlewise.us\/es\/wp-json\/wp\/v2\/users\/1"}],"replies":[{"embeddable":true,"href":"https:\/\/castlewise.us\/es\/wp-json\/wp\/v2\/comments?post=42"}],"version-history":[{"count":57,"href":"https:\/\/castlewise.us\/es\/wp-json\/wp\/v2\/pages\/42\/revisions"}],"predecessor-version":[{"id":313,"href":"https:\/\/castlewise.us\/es\/wp-json\/wp\/v2\/pages\/42\/revisions\/313"}],"wp:attachment":[{"href":"https:\/\/castlewise.us\/es\/wp-json\/wp\/v2\/media?parent=42"}],"curies":[{"name":"wp","href":"https:\/\/api.w.org\/{rel}","templated":true}]}}